{"id":2,"date":"2011-07-09T23:46:59","date_gmt":"2011-07-09T21:46:59","guid":{"rendered":"http:\/\/miside.net\/?page_id=2"},"modified":"2018-12-30T16:45:40","modified_gmt":"2018-12-30T15:45:40","slug":"sample-page","status":"publish","type":"page","link":"https:\/\/miside.net\/?page_id=2","title":{"rendered":"Home"},"content":{"rendered":"<p>Dette er et eksempel p\u00e5 side. Det er forskjell fra et blogginnlegg fordi det vil v\u00e6re p\u00e5 ett bestemt sted og vil dukke opp p\u00e5 nettstedet ditt i de fleste temaer. De fleste starter med en Om-siden som introduserer deg for potensielle bes\u00f8kende.<\/p>\n<p><script>\n  (function(i,s,o,g,r,a,m){i['GoogleAnalyticsObject']=r;i[r]=i[r]||function(){\n  (i[r].q=i[r].q||[]).push(arguments)},i[r].l=1*new Date();a=s.createElement(o),\n  m=s.getElementsByTagName(o)[0];a.async=1;a.src=g;m.parentNode.insertBefore(a,m)\n  })(window,document,'script','\/\/www.google-analytics.com\/analytics.js','ga');<\/p>\n<p>  ga('create', 'UA-47514430-1', 'miside.net');\n  ga('send', 'pageview');<\/p>\n<p><\/script><\/p>\n","protected":false},"excerpt":{"rendered":"<p>Dette er et eksempel p\u00e5 side. Det er forskjell fra et blogginnlegg fordi det vil v\u00e6re p\u00e5 ett bestemt sted og vil dukke opp p\u00e5 nettstedet ditt i de fleste temaer. De fleste starter med en Om-siden som introduserer deg &hellip; <a class=\"more-link\" href=\"https:\/\/miside.net\/?page_id=2\">Continue reading <span class=\"meta-nav\">&rarr;<\/span><\/a><\/p>\n","protected":false},"author":1,"featured_media":0,"parent":0,"menu_order":0,"comment_status":"closed","ping_status":"closed","template":"onecolumn-page.php","meta":{"footnotes":""},"class_list":["post-2","page","type-page","status-publish","hentry"],"_links":{"self":[{"href":"https:\/\/miside.net\/index.php?rest_route=\/wp\/v2\/pages\/2","targetHints":{"allow":["GET"]}}],"collection":[{"href":"https:\/\/miside.net\/index.php?rest_route=\/wp\/v2\/pages"}],"about":[{"href":"https:\/\/miside.net\/index.php?rest_route=\/wp\/v2\/types\/page"}],"author":[{"embeddable":true,"href":"https:\/\/miside.net\/index.php?rest_route=\/wp\/v2\/users\/1"}],"replies":[{"embeddable":true,"href":"https:\/\/miside.net\/index.php?rest_route=%2Fwp%2Fv2%2Fcomments&post=2"}],"version-history":[{"count":36,"href":"https:\/\/miside.net\/index.php?rest_route=\/wp\/v2\/pages\/2\/revisions"}],"predecessor-version":[{"id":775,"href":"https:\/\/miside.net\/index.php?rest_route=\/wp\/v2\/pages\/2\/revisions\/775"}],"wp:attachment":[{"href":"https:\/\/miside.net\/index.php?rest_route=%2Fwp%2Fv2%2Fmedia&parent=2"}],"curies":[{"name":"wp","href":"https:\/\/api.w.org\/{rel}","templated":true}]}}