{"id":269,"date":"2011-11-20T14:40:31","date_gmt":"2011-11-20T13:40:31","guid":{"rendered":"http:\/\/miside.net\/?page_id=269"},"modified":"2019-01-01T22:48:01","modified_gmt":"2019-01-01T21:48:01","slug":"ny-side-2","status":"publish","type":"page","link":"https:\/\/miside.net\/?page_id=269","title":{"rendered":"Ny side"},"content":{"rendered":"<table border=\"0\">\n<tbody>\n<tr>\n<td width=\"120\">Siste dagen i h\u00f8gtida, den store festdagen, stod Jesus fram og ropa: \u00abDen som t\u00f8rstar, skal koma til meg og drikka.Den som trur p\u00e5 meg, fr\u00e5 hans indre skal det,som Skrifta seier, renna elvar med levande vatn.\u00bb Dette sa han om Anden dei skulle f\u00e5,dei som trudde p\u00e5 han.<br \/>\nJoh.7,37-39<\/td>\n<td width=\"320\">\u00a0Tekst2<\/p>\n<p>https:\/\/miside.net\/wp-content\/uploads\/2011\/10\/05-Amazing-Grace.wma<\/p>\n<p><a href=\"https:\/\/miside.net\/wp-content\/uploads\/2011\/10\/05-Amazing-Grace.wma\">Amazing Grace<\/a><\/td>\n<\/tr>\n<\/tbody>\n<\/table>\n<p>&nbsp;<\/p>\n","protected":false},"excerpt":{"rendered":"<p>Siste dagen i h\u00f8gtida, den store festdagen, stod Jesus fram og ropa: \u00abDen som t\u00f8rstar, skal koma til meg og drikka.Den som trur p\u00e5 meg, fr\u00e5 hans indre skal det,som Skrifta seier, renna elvar med levande vatn.\u00bb Dette sa han &hellip; <a class=\"more-link\" href=\"https:\/\/miside.net\/?page_id=269\">Continue reading <span class=\"meta-nav\">&rarr;<\/span><\/a><\/p>\n","protected":false},"author":1,"featured_media":0,"parent":0,"menu_order":0,"comment_status":"closed","ping_status":"closed","template":"","meta":{"footnotes":""},"class_list":["post-269","page","type-page","status-publish","hentry"],"_links":{"self":[{"href":"https:\/\/miside.net\/index.php?rest_route=\/wp\/v2\/pages\/269","targetHints":{"allow":["GET"]}}],"collection":[{"href":"https:\/\/miside.net\/index.php?rest_route=\/wp\/v2\/pages"}],"about":[{"href":"https:\/\/miside.net\/index.php?rest_route=\/wp\/v2\/types\/page"}],"author":[{"embeddable":true,"href":"https:\/\/miside.net\/index.php?rest_route=\/wp\/v2\/users\/1"}],"replies":[{"embeddable":true,"href":"https:\/\/miside.net\/index.php?rest_route=%2Fwp%2Fv2%2Fcomments&post=269"}],"version-history":[{"count":37,"href":"https:\/\/miside.net\/index.php?rest_route=\/wp\/v2\/pages\/269\/revisions"}],"predecessor-version":[{"id":746,"href":"https:\/\/miside.net\/index.php?rest_route=\/wp\/v2\/pages\/269\/revisions\/746"}],"wp:attachment":[{"href":"https:\/\/miside.net\/index.php?rest_route=%2Fwp%2Fv2%2Fmedia&parent=269"}],"curies":[{"name":"wp","href":"https:\/\/api.w.org\/{rel}","templated":true}]}}