{"id":801,"date":"2019-01-01T15:51:09","date_gmt":"2019-01-01T14:51:09","guid":{"rendered":"https:\/\/miside.net\/?page_id=801"},"modified":"2022-11-10T02:15:42","modified_gmt":"2022-11-10T01:15:42","slug":"med-fryd-skal-de-ausa-vatn-or-frelseskjeldene-jes-123","status":"publish","type":"page","link":"https:\/\/miside.net\/","title":{"rendered":"<span style=\"color: teal; font-family: 'Lucida Sans';\">Med fryd skal de ausa vatn or frelseskjeldene! (Jes.12,3)"},"content":{"rendered":"<table id=\"1391bb8f-9f0b-1c7c-de6b-e244752dbc74\" contenteditable=\"false\" border=\"0\">\n<tbody>\n<tr>\n<td width=\"325\"><span style=\"color: teal; font-family: 'Lucida Sans';\"><span style=\"color: teal; font-family: 'Lucida Sans';\"><strong><span style=\"font-size: medium;\"><span style=\"font-size: large;\"><br \/>\nLevande vatn<\/span><\/span><\/strong><\/span><\/span>&nbsp;<\/p>\n<p><strong><span style=\"font-size: medium;\">Siste dagen i h\u00f8gtida, den store festdagen, stod Jesus fram og ropa:<br \/>\n&laquo;Den som t\u00f8rstar, skal koma til meg og drikka. Den som trur p\u00e5 meg, fr\u00e5 hans indre skal det, som Skrifta seier, renna elvar med levande vatn.&raquo;<br \/>\nDette sa han om Anden dei skulle f\u00e5, dei som trudde p\u00e5 han.<br \/>\nJoh.7,37-39<\/span><\/strong><\/p>\n<p>&nbsp;<\/td>\n<td width=\"320\">&nbsp;&nbsp;<\/p>\n<p><a href=\"https:\/\/kf-oster.net\/wp-content\/uploads\/2011\/11\/IMG_009km.jpg\"><img loading=\"lazy\" decoding=\"async\" class=\"alignnone size-medium wp-image-75\" title=\"IMG_009km\" src=\"https:\/\/kf-oster.net\/wp-content\/uploads\/2011\/11\/IMG_009km-300x196.jpg\" alt=\"\" width=\"390\" height=\"252\"\/><\/a><br \/>\n&nbsp; &nbsp;<\/p>\n<p style=\"display: inline;\">Sang: Camilla Myklebust:<\/p>\n<p><div class=\"sc_player_container1\"><input type=\"button\" id=\"btnplay_69fc82fd2d8af3.83788429\" class=\"myButton_play\" onClick=\"play_mp3('play','69fc82fd2d8af3.83788429','https:\/\/kf-oster.net\/Diverse\/Kjelda.mp3','80','false');show_hide('play','69fc82fd2d8af3.83788429');\" \/><input type=\"button\"  id=\"btnstop_69fc82fd2d8af3.83788429\" style=\"display:none\" class=\"myButton_stop\" onClick=\"play_mp3('stop','69fc82fd2d8af3.83788429','','80','false');show_hide('stop','69fc82fd2d8af3.83788429');\" \/><div id=\"sm2-container\"><!-- flash movie ends up here --><\/div><\/div><\/td>\n<\/tr>\n<\/tbody>\n<\/table>\n","protected":false},"excerpt":{"rendered":"<p>Levande vatn&nbsp; Siste dagen i h\u00f8gtida, den store festdagen, stod Jesus fram og ropa: &laquo;Den som t\u00f8rstar, skal koma til meg og drikka. Den som trur p\u00e5 meg, fr\u00e5 hans indre skal det, som Skrifta seier, renna elvar med levande &hellip; <a class=\"more-link\" href=\"https:\/\/miside.net\/\">Continue reading <span class=\"meta-nav\">&rarr;<\/span><\/a><\/p>\n","protected":false},"author":1,"featured_media":0,"parent":0,"menu_order":0,"comment_status":"closed","ping_status":"closed","template":"page-altright.php","meta":{"footnotes":""},"class_list":["post-801","page","type-page","status-publish","hentry"],"_links":{"self":[{"href":"https:\/\/miside.net\/index.php?rest_route=\/wp\/v2\/pages\/801","targetHints":{"allow":["GET"]}}],"collection":[{"href":"https:\/\/miside.net\/index.php?rest_route=\/wp\/v2\/pages"}],"about":[{"href":"https:\/\/miside.net\/index.php?rest_route=\/wp\/v2\/types\/page"}],"author":[{"embeddable":true,"href":"https:\/\/miside.net\/index.php?rest_route=\/wp\/v2\/users\/1"}],"replies":[{"embeddable":true,"href":"https:\/\/miside.net\/index.php?rest_route=%2Fwp%2Fv2%2Fcomments&post=801"}],"version-history":[{"count":8,"href":"https:\/\/miside.net\/index.php?rest_route=\/wp\/v2\/pages\/801\/revisions"}],"predecessor-version":[{"id":913,"href":"https:\/\/miside.net\/index.php?rest_route=\/wp\/v2\/pages\/801\/revisions\/913"}],"wp:attachment":[{"href":"https:\/\/miside.net\/index.php?rest_route=%2Fwp%2Fv2%2Fmedia&parent=801"}],"curies":[{"name":"wp","href":"https:\/\/api.w.org\/{rel}","templated":true}]}}