{"id":817,"date":"2019-02-08T13:44:33","date_gmt":"2019-02-08T12:44:33","guid":{"rendered":"https:\/\/miside.net\/?page_id=817"},"modified":"2019-02-08T16:48:13","modified_gmt":"2019-02-08T15:48:13","slug":"linker","status":"publish","type":"page","link":"https:\/\/miside.net\/?page_id=817","title":{"rendered":"Om kometer og evolusjonistenes tidsskala"},"content":{"rendered":"<p>Ingen grunn til \u00e5 legge seg flat for evolusjonistenes milliarder-av-\u00e5r-tidsskala.<br \/>\nF.eks. er kometenes eksistens og natur en sterk indikasjon p\u00e5 at deres tidsskala er helt feil.<\/p>\n<p>Se f.eks. denne:<br \/>\n<a href=\"https:\/\/creation.com\/comets-portents-of-doom-or-indicators-of-youth\">https:\/\/creation.com\/comets-portents-of-doom-or-indicators-of-youth<\/a><\/p>\n<p>Samme til google-norsk:<br \/>\n<a href=\"https:\/\/translate.google.com\/translate?hl=no&amp;sl=en&amp;u=https:\/\/creation.com\/comets-portents-of-doom-or-indicators-of-youth&amp;prev=search\">Om kometer til norsk <\/a><\/p>\n<p>&nbsp;<\/p>\n","protected":false},"excerpt":{"rendered":"<p>Ingen grunn til \u00e5 legge seg flat for evolusjonistenes milliarder-av-\u00e5r-tidsskala. F.eks. er kometenes eksistens og natur en sterk indikasjon p\u00e5 at deres tidsskala er helt feil. Se f.eks. denne: https:\/\/creation.com\/comets-portents-of-doom-or-indicators-of-youth Samme til google-norsk: Om kometer til norsk &nbsp;<\/p>\n","protected":false},"author":1,"featured_media":0,"parent":0,"menu_order":0,"comment_status":"closed","ping_status":"closed","template":"","meta":{"footnotes":""},"class_list":["post-817","page","type-page","status-publish","hentry"],"_links":{"self":[{"href":"https:\/\/miside.net\/index.php?rest_route=\/wp\/v2\/pages\/817","targetHints":{"allow":["GET"]}}],"collection":[{"href":"https:\/\/miside.net\/index.php?rest_route=\/wp\/v2\/pages"}],"about":[{"href":"https:\/\/miside.net\/index.php?rest_route=\/wp\/v2\/types\/page"}],"author":[{"embeddable":true,"href":"https:\/\/miside.net\/index.php?rest_route=\/wp\/v2\/users\/1"}],"replies":[{"embeddable":true,"href":"https:\/\/miside.net\/index.php?rest_route=%2Fwp%2Fv2%2Fcomments&post=817"}],"version-history":[{"count":5,"href":"https:\/\/miside.net\/index.php?rest_route=\/wp\/v2\/pages\/817\/revisions"}],"predecessor-version":[{"id":823,"href":"https:\/\/miside.net\/index.php?rest_route=\/wp\/v2\/pages\/817\/revisions\/823"}],"wp:attachment":[{"href":"https:\/\/miside.net\/index.php?rest_route=%2Fwp%2Fv2%2Fmedia&parent=817"}],"curies":[{"name":"wp","href":"https:\/\/api.w.org\/{rel}","templated":true}]}}