{"id":826,"date":"2019-02-19T01:06:24","date_gmt":"2019-02-19T00:06:24","guid":{"rendered":"https:\/\/miside.net\/?page_id=826"},"modified":"2019-02-19T01:14:15","modified_gmt":"2019-02-19T00:14:15","slug":"menneske-foster-rettighetene","status":"publish","type":"page","link":"https:\/\/miside.net\/?page_id=826","title":{"rendered":"Menneske-foster-rettighetene"},"content":{"rendered":"<p>&nbsp;<br \/>\nNorge st\u00e5r p\u00e5 for menneskerettighetene internasjonalt, og vi ford\u00f8mmer<br \/>\nmennesker og nasjoner som krenker disse.<br \/>\nN\u00e5r mennesker i andre nasjoner trues med d\u00f8ds-staff p.g.a. at de tenker<br \/>\nog mener noe annet enn et bestemt offisielt syn, da gj\u00f8r vi anskrik<br \/>\nog viser til menneskerettighetene.<br \/>\nDette er vel og bra, og dette b\u00f8r vi fortsatt gj\u00f8re.<br \/>\nDet er rett \u00e5 &laquo;ikke t\u00e5le s\u00e5 inderlig vel, den urett som ikke rammer oss selv&raquo;.<br \/>\nMen her m\u00e5 det v\u00e6re tillat \u00e5 etterlyse en viss konskvens i enkeltes<br \/>\nforvaltning av menneskerettigheter. For n\u00e5r vi slik l\u00f8fter en pekefinger<br \/>\nmot andre, da m\u00e5 vi finne oss i, selv \u00e5 &laquo;bli g\u00e5tt i s\u00f8mmene&raquo; en del.<br \/>\nOrdet om \u00e5 se flisen i sin brors \u00f8ye, men ikke bli var bjelken hos seg selv,<br \/>\ner stadig like aktuelt.<\/p>\n<p>Rettferdigheten er krevende, og den som vil d\u00f8mme andre m\u00e5 selv v\u00e6re ren.<br \/>\nDen som henviser til en <u>absolutt rett<\/u> som st\u00e5r over landenes lovgivning,<br \/>\nm\u00e5 la den samme rett gjelde for seg selv.<br \/>\nFor bare hvis en regner med at <strong>Retten<\/strong> er en <u>absolutt st\u00f8rrelse<\/u>, bare da<br \/>\ner det konsekvens i dette &laquo;\u00e5 blande seg inn i andre lands indre anliggende&raquo;,<br \/>\nog ford\u00f8mme deres lover og praksis.<\/p>\n<p>I det \u00f8yeblikk en gj\u00f8r \u201dretten\u201d avhengig av f.eks. ett eller annet flertall i ett<br \/>\neller annet land, i det \u00f8yeblikk snakker man ikke om Retten i absolutt<br \/>\nforstand.<\/p>\n<p>Norge har p\u00e5 mange m\u00e5ter tatt m\u00e5l av seg til \u00e5 opptre som verdens<br \/>\nsamvittighet, noe vi har h\u00f8stet mye ros for.<br \/>\nDess st\u00f8rre grunn er det \u00e5 ta denne rolle s\u00e5 pass alvorlig, at vi er villig til<br \/>\nogs\u00e5 kaste et kritisk blikk p\u00e5 v\u00e5r egen lovgivning.<br \/>\nSkulle det v\u00e6re noe hos oss selv som hemmer oss i denne viktige rollen,<br \/>\nja som kanskje rett og slett diskvalifiserer oss?<\/p>\n<p>Til ettertanke:<\/p>\n<p><em>Det finnes to kjemper i tilv\u00e6relsen: Retten og Makten.<\/em><br \/>\n<em>Makten ruver, men hvem kommer f\u00f8rst?<\/em><\/p>\n<p><em>En makt uten rett er d\u00f8mt til undergang, men Retten kan aldri tilintetgj\u00f8res.<\/em><\/p>\n<p>Makten skifter, men Retten st\u00e5r fast, og etter hvordan makten til enhver tid<br \/>\nforvalter retten, etter det skal makten d\u00f8mmes.<\/p>\n<p>Gode lover <u>representerer<\/u> Retten, men (obs!) <strong>d\u00e5rlige lover opphever aldri<br \/>\nRetten!<\/strong><\/p>\n<p>Hva er rett, da? &#8211; vil noen sp\u00f8rre.<\/p>\n<p>Mesteren selv har formulert det best:<br \/>\n<em>&laquo;Alt det dere vil at andre skal gj\u00f8re mot dere, det skal dere gj\u00f8re<\/em><br \/>\n<em>mot dem&raquo;. Matt.7,12.<\/em><\/p>\n<p>Legg merke til at dette budet inneb\u00e6rer \u00e5 v\u00e6re aktiv og opps\u00f8kende.<br \/>\nDet er ikke bare snakk om passivt \u00e5 la v\u00e6re \u00e5 gj\u00f8re mot andre det vi selv<br \/>\nmisliker &#8211; selv om dette ogs\u00e5 ligger i det, men det er snakk om \u00e5<br \/>\nta initiativet &raquo; \u00e5 gj\u00f8re&raquo;.<br \/>\nMer eller mindre bevisst har alle mennesker denne loven nedlagt i seg<br \/>\nfra Skaperens h\u00e5nd. Det er v\u00e5r samvittighet.<br \/>\nSamvittigheten kan skades og sl\u00f8ves, men den kan ogs\u00e5 renses og vekkes<br \/>\ntil livet igjen.<\/p>\n<p>Menneskerettighetene representerer derfor p\u00e5 mange m\u00e5ter det vi innerst<br \/>\ninne vet er rett &#8211; at alle mennesker har like stor verdi og har de samme<br \/>\ngudgitte rettigheter.<br \/>\nI det \u00f8yeblikket vi sier: &laquo;Dette er et menneske&raquo;, sier vi ogs\u00e5 &#8211; &laquo;dette menneske<br \/>\nhar alle de rettigheter et menneske skal ha&raquo;.<br \/>\nOg videre sier vi: &laquo;Vi har ikke rett til \u00e5 frata dette menneske noen av de<br \/>\nrettigheter vi selv regner som en selvf\u00f8lge.&raquo;<\/p>\n<p><strong>Abortloven.<\/strong><br \/>\nEt s\u00f8rgelig kapittel. Full av fortvilelse og vold, kompromiss og halvhet.<br \/>\nFull av d\u00e5rlige samvittigheter.<br \/>\nSamvittighetene tier nemlig aldri om denne uretten! Tiden vil vise at<br \/>\nabortloven er en ond og urettferdig lov.<br \/>\nAbortloven tar strupetak p\u00e5 v\u00e5rt folks framtid og h\u00e5p.<\/p>\n<p><strong><em>For selvsagt er et foster p\u00e5 x uker like mye et menneske som<br \/>\net foster p\u00e5 x uker + 1 time ! !<\/em><\/strong><\/p>\n<p>N\u00e5r menneskeverdet kan stige fra null til hundre prosent p\u00e5 en time,<br \/>\n<u><em>kun fordi\u00a0<\/em><em>dette er bestemt av et visst flertall i et visst land,<\/em><\/u> da viser dette<br \/>\nlike mye vold mot menneskerettighetene som n\u00e5r makthavere<br \/>\ni andre land nekter store grupper menneskeverd og rettigheter!<\/p>\n<p>For n\u00e5r menneskeverdets gyldighet settes etter andre menneskers tykke,<br \/>\nuten noe reelt og biologisk innhold, da forfekter man slett ikke menneske-<br \/>\nrettigheter, men det stikk motsatte!<\/p>\n<p>Abortloven er et resultat av at vi p\u00e5 60- og 70-tallet glemte v\u00e5rt &laquo;Fader v\u00e5r&raquo;<br \/>\nsom sier: &laquo;Led oss ikke inn i fristelse&raquo;.<br \/>\nI stedet h\u00f8rte vi p\u00e5 sex-profetenes budskap, der det f\u00f8rste skritt var \u00e5<br \/>\nlatterliggj\u00f8re god gammel moral, og dernest spe p\u00e5 med &laquo;forskningsresultat&raquo;<br \/>\nsom sier at god gammel moral er skadelig.<br \/>\nVidere legges frem hvor vidunderlig det er \u00e5 leve ut sine lyster uten grenser<br \/>\nav noe slag.<br \/>\nDette har jo v\u00e6rt det dominerende budskapet de siste 20-30 \u00e5r!<\/p>\n<p>Resultatet ser vi i dag: Et samfunn i full oppl\u00f8sning &#8211; med tusen splittede<br \/>\nhjem, og med \u00f8kende volds- og selvmord-statistikk.<br \/>\nHvor er det blitt av det lykkelige fordomsfrie samfunn de lovte oss?<br \/>\nOg i stedet for et rikere og lykkeligere liv, gjorde mange samme erfaring<br \/>\nsom den svenske forfatteren Hjalmar S\u00f6derberg, n\u00e5r han bekjente sin tomhet og<br \/>\nsin n\u00f8d med utsagnet: &laquo;Jag tror p\u00e5 k\u00f6ttets lust och p\u00e5 sj\u00e4lens obotliga ensamhet&raquo;<\/p>\n<p>Abort-&laquo;retten&raquo; tvang seg fram, for \u00e5 skrape vekk alle u\u00f8nskede frukter av dette<br \/>\nmoralske skredet. Men altfor mange kvinner har f\u00e5tt merke at det barnet de fjernet<br \/>\nfra magen, aldri kunne fjernes fra hjertet! Og de visste ikke, og ingen sa det til dem,<br \/>\nat mens smertene i magen g\u00e5r over, og forvandles til glede \u2013 s\u00e5 vil hjertets smerte og<br \/>\nsorg vare \u00e5r ut og \u00e5r inn!<\/p>\n<p>Abort-\u201dretten\u201d er ingen Rett, men abortloven er en apartheid lov som fratar en<br \/>\ngruppe mennesker de rettigheter alle mennesker &#8211; store eller sm\u00e5, har rett p\u00e5!<\/p>\n<p>Javisst er menneskerettighetene viktig \u00e5 deklamere og forsvare, b\u00e5de nasjonalt<br \/>\nog internasjonalt, og visst b\u00f8r vi rette en pekefinger mot regimer og stater<br \/>\nsom tr\u00e5kker menneskeverdet under fot.<br \/>\nMen n\u00e5r vi roper s\u00e5 h\u00f8yt om andre, b\u00f8r vi ogs\u00e5 rydde litt i eget hus, og tenke litt<br \/>\np\u00e5 de sm\u00e5 spirene til Ola og Kari som brutalt ryddes ut ved v\u00e5re sykehus!<\/p>\n<p>For dette er sm\u00e5 mennesker som norsk lov pr. i dag sier menneskerettigheter<br \/>\nikke gjelder for.<\/p>\n","protected":false},"excerpt":{"rendered":"<p>&nbsp; Norge st\u00e5r p\u00e5 for menneskerettighetene internasjonalt, og vi ford\u00f8mmer mennesker og nasjoner som krenker disse. N\u00e5r mennesker i andre nasjoner trues med d\u00f8ds-staff p.g.a. at de tenker og mener noe annet enn et bestemt offisielt syn, da gj\u00f8r vi &hellip; <a class=\"more-link\" href=\"https:\/\/miside.net\/?page_id=826\">Continue reading <span class=\"meta-nav\">&rarr;<\/span><\/a><\/p>\n","protected":false},"author":1,"featured_media":0,"parent":0,"menu_order":0,"comment_status":"closed","ping_status":"closed","template":"","meta":{"footnotes":""},"class_list":["post-826","page","type-page","status-publish","hentry"],"_links":{"self":[{"href":"https:\/\/miside.net\/index.php?rest_route=\/wp\/v2\/pages\/826","targetHints":{"allow":["GET"]}}],"collection":[{"href":"https:\/\/miside.net\/index.php?rest_route=\/wp\/v2\/pages"}],"about":[{"href":"https:\/\/miside.net\/index.php?rest_route=\/wp\/v2\/types\/page"}],"author":[{"embeddable":true,"href":"https:\/\/miside.net\/index.php?rest_route=\/wp\/v2\/users\/1"}],"replies":[{"embeddable":true,"href":"https:\/\/miside.net\/index.php?rest_route=%2Fwp%2Fv2%2Fcomments&post=826"}],"version-history":[{"count":5,"href":"https:\/\/miside.net\/index.php?rest_route=\/wp\/v2\/pages\/826\/revisions"}],"predecessor-version":[{"id":831,"href":"https:\/\/miside.net\/index.php?rest_route=\/wp\/v2\/pages\/826\/revisions\/831"}],"wp:attachment":[{"href":"https:\/\/miside.net\/index.php?rest_route=%2Fwp%2Fv2%2Fmedia&parent=826"}],"curies":[{"name":"wp","href":"https:\/\/api.w.org\/{rel}","templated":true}]}}